{"id":4,"date":"2013-09-04T18:29:00","date_gmt":"2013-09-04T18:29:00","guid":{"rendered":"http:\/\/www.zahnarztdiewald.de\/?page_id=4"},"modified":"2023-05-16T19:43:46","modified_gmt":"2023-05-16T17:43:46","slug":"home","status":"publish","type":"page","link":"https:\/\/www.drdiewald.de\/","title":{"rendered":"Home"},"content":{"rendered":"<div id=\"sub_container2\">\n<div id=\"content_container\"><strong>Liebe Patienten,<\/strong><\/div>\n<div>\u00a0<\/div>\n<div>unsere \u00d6ffnungszeiten:<\/div>\n<\/div>\n\n\n<div class=\"wp-block-group\"><div class=\"wp-block-group__inner-container is-layout-flow wp-block-group-is-layout-flow\">\n<figure class=\"wp-block-table aligncenter is-style-stripes\"><table><tbody><tr><td><strong>Montag<\/strong><\/td><td>8.oo-15.oo Uhr<\/td><\/tr><tr><td><strong>Dienstag<\/strong><\/td><td>8.oo-12.oo und 14.oo-18.oo Uhr<\/td><\/tr><tr><td><strong>Mittwoch<\/strong><\/td><td>geschlossen<\/td><\/tr><tr><td><strong>Donnerstag<\/strong><\/td><td>8.oo-12.oo und 15.oo-19.oo Uhr<\/td><\/tr><tr><td><strong>Freitag<\/strong><\/td><td>8.oo-13.oo Uhr<\/td><\/tr><\/tbody><\/table><\/figure>\n<\/div><\/div>\n\n\n\n<div class=\"wp-block-group\"><div class=\"wp-block-group__inner-container is-layout-flow wp-block-group-is-layout-flow\"><\/div><\/div>\n\n\n\n<p>Sie erreichen uns \u00f6ffentlich mit der S-Bahn S8, Haltestelle Neuaubing. Eingang und Parkpl\u00e4tze finden Sie auf der R\u00fcckseite des Hauses. <\/p>\n\n\n\n<p><strong>Anschrift <\/strong>Bodenseestr. 235, 81243 M\u00fcnchen <br><strong>Tel<\/strong> 089 8714514 <br><strong>Fax<\/strong> 089 8714552 <br><strong>Mail<\/strong> <a href=\"mailto:praxis@drdiewald.de\">praxis@drdiewald.de<\/a> <\/p>\n","protected":false},"excerpt":{"rendered":"<p>Liebe Patienten, \u00a0 unsere \u00d6ffnungszeiten: Montag 8.oo-15.oo Uhr Dienstag 8.oo-12.oo und 14.oo-18.oo Uhr Mittwoch geschlossen Donnerstag 8.oo-12.oo und 15.oo-19.oo Uhr Freitag 8.oo-13.oo Uhr Sie erreichen uns \u00f6ffentlich mit der S-Bahn S8, Haltestelle Neuaubing. Eingang und Parkpl\u00e4tze finden Sie auf der R\u00fcckseite des Hauses. Anschrift Bodenseestr. 235, 81243 M\u00fcnchen Tel 089 8714514 Fax 089 8714552 Mail [&hellip;]<\/p>\n","protected":false},"author":1,"featured_media":0,"parent":0,"menu_order":0,"comment_status":"closed","ping_status":"closed","template":"","meta":{"footnotes":""},"class_list":["post-4","page","type-page","status-publish","hentry"],"_links":{"self":[{"href":"https:\/\/www.drdiewald.de\/index.php?rest_route=\/wp\/v2\/pages\/4","targetHints":{"allow":["GET"]}}],"collection":[{"href":"https:\/\/www.drdiewald.de\/index.php?rest_route=\/wp\/v2\/pages"}],"about":[{"href":"https:\/\/www.drdiewald.de\/index.php?rest_route=\/wp\/v2\/types\/page"}],"author":[{"embeddable":true,"href":"https:\/\/www.drdiewald.de\/index.php?rest_route=\/wp\/v2\/users\/1"}],"replies":[{"embeddable":true,"href":"https:\/\/www.drdiewald.de\/index.php?rest_route=%2Fwp%2Fv2%2Fcomments&post=4"}],"version-history":[{"count":77,"href":"https:\/\/www.drdiewald.de\/index.php?rest_route=\/wp\/v2\/pages\/4\/revisions"}],"predecessor-version":[{"id":504,"href":"https:\/\/www.drdiewald.de\/index.php?rest_route=\/wp\/v2\/pages\/4\/revisions\/504"}],"wp:attachment":[{"href":"https:\/\/www.drdiewald.de\/index.php?rest_route=%2Fwp%2Fv2%2Fmedia&parent=4"}],"curies":[{"name":"wp","href":"https:\/\/api.w.org\/{rel}","templated":true}]}}