{"id":6,"date":"2013-09-04T18:29:11","date_gmt":"2013-09-04T18:29:11","guid":{"rendered":"http:\/\/www.zahnarztdiewald.de\/?page_id=6"},"modified":"2025-07-12T15:31:25","modified_gmt":"2025-07-12T13:31:25","slug":"impressum","status":"publish","type":"page","link":"https:\/\/www.drdiewald.de\/?page_id=6","title":{"rendered":"Impressum"},"content":{"rendered":"<div>Dr. med. dent. Vinzenz Diewald<br \/>Bodenseestr. 235<br \/>81243 M\u00fcnchen<\/div>\n<div>Mail\u00a0<a href=\"mailto:praxis@drdiewald.de\">praxis@drdiewald.de<\/a><br \/>Tel 089-8714514<br \/>Fax 089-8714552<\/div>\n\n\n<p>Gesetzliche Berufsbezeichnung: <br>Zahnarzt, verliehen in der Bundesrepublik Deutschland<\/p>\n\n\n\n<p>Zust\u00e4ndige Kammer\/Aufsichtsbeh\u00f6rde: <br>Bayerische Landeszahn\u00e4rztekammer, Fl\u00f6\u00dfergasse 1, D-81369 M\u00fcnchen Regierung von Oberbayern, Arbeitsbereich 210.3, D-80534 M\u00fcnchen Kassenzahn\u00e4rztliche Vereinigung Bayerns, Fallstra\u00dfe 34, 81369 M\u00fcnchen<\/p>\n\n\n\n<p>Berufsrechtliche Regelungen: <br>Zahnheilkundegesetz, Heilberufe-Kammergesetz, Geb\u00fchrenordnung f\u00fcr Zahn\u00e4rzte, Berufsordnung f\u00fcr die Bayerischen Zahn\u00e4rzte Einsicht in oben genannte gesetzliche Regelungen unter <a href=\"http:\/\/www.blzk.de\">www.blzk.de<\/a>, Rubrik &#8222;Recht&#8220;<\/p>\n\n\n\n<p>Haftungshinweis: <br>F\u00fcr die Inhalte externer Links \u00fcbernehmen wir keinerlei Haftung. F\u00fcr den Inhalt verlinkter Seiten sind ausschlie\u00dflich deren Betreiber verantwortlich.<\/p>\n\n\n\n<p>Steuer-ID-Nummer: 144\/197\/20500<br><\/p>\n","protected":false},"excerpt":{"rendered":"<p>Dr. med. dent. Vinzenz DiewaldBodenseestr. 23581243 M\u00fcnchen Mail\u00a0praxis@drdiewald.deTel 089-8714514Fax 089-8714552 Gesetzliche Berufsbezeichnung: Zahnarzt, verliehen in der Bundesrepublik Deutschland Zust\u00e4ndige Kammer\/Aufsichtsbeh\u00f6rde: Bayerische Landeszahn\u00e4rztekammer, Fl\u00f6\u00dfergasse 1, D-81369 M\u00fcnchen Regierung von Oberbayern, Arbeitsbereich 210.3, D-80534 M\u00fcnchen Kassenzahn\u00e4rztliche Vereinigung Bayerns, Fallstra\u00dfe 34, 81369 M\u00fcnchen Berufsrechtliche Regelungen: Zahnheilkundegesetz, Heilberufe-Kammergesetz, Geb\u00fchrenordnung f\u00fcr Zahn\u00e4rzte, Berufsordnung f\u00fcr die Bayerischen Zahn\u00e4rzte Einsicht in oben [&hellip;]<\/p>\n","protected":false},"author":1,"featured_media":0,"parent":0,"menu_order":0,"comment_status":"closed","ping_status":"closed","template":"","meta":{"footnotes":""},"class_list":["post-6","page","type-page","status-publish","hentry"],"_links":{"self":[{"href":"https:\/\/www.drdiewald.de\/index.php?rest_route=\/wp\/v2\/pages\/6","targetHints":{"allow":["GET"]}}],"collection":[{"href":"https:\/\/www.drdiewald.de\/index.php?rest_route=\/wp\/v2\/pages"}],"about":[{"href":"https:\/\/www.drdiewald.de\/index.php?rest_route=\/wp\/v2\/types\/page"}],"author":[{"embeddable":true,"href":"https:\/\/www.drdiewald.de\/index.php?rest_route=\/wp\/v2\/users\/1"}],"replies":[{"embeddable":true,"href":"https:\/\/www.drdiewald.de\/index.php?rest_route=%2Fwp%2Fv2%2Fcomments&post=6"}],"version-history":[{"count":23,"href":"https:\/\/www.drdiewald.de\/index.php?rest_route=\/wp\/v2\/pages\/6\/revisions"}],"predecessor-version":[{"id":557,"href":"https:\/\/www.drdiewald.de\/index.php?rest_route=\/wp\/v2\/pages\/6\/revisions\/557"}],"wp:attachment":[{"href":"https:\/\/www.drdiewald.de\/index.php?rest_route=%2Fwp%2Fv2%2Fmedia&parent=6"}],"curies":[{"name":"wp","href":"https:\/\/api.w.org\/{rel}","templated":true}]}}