{"id":8,"date":"2013-09-04T18:29:23","date_gmt":"2013-09-04T18:29:23","guid":{"rendered":"http:\/\/www.zahnarztdiewald.de\/?page_id=8"},"modified":"2023-05-16T19:38:13","modified_gmt":"2023-05-16T17:38:13","slug":"notfall","status":"publish","type":"page","link":"https:\/\/www.drdiewald.de\/?page_id=8","title":{"rendered":"Notfall"},"content":{"rendered":"<p>Liebe Patientinnen und Patienten,<\/p>\n<p>bei Notf\u00e4llen am Wochenende, im Urlaub, sowie an Feier- und Br\u00fcckentagen bitte unter Tel.\u00a0089-7233093 die jeweils Notdienst leistenden Kolleginnen und Kollegen erfragen.<\/p>\n<p>Die Notdienstadressen finden Sie auch im Internet unter\u00a0<a href=\"http:\/\/www.kzvb.de\">www.kzvb.de<\/a>. Rubrik Notdienste oder direkt\u00a0<a href=\"http:\/\/www.notdienst-zahn.de\">www.notdienst-zahn.de\u00a0<\/a><\/p>\n<p>Sie k\u00f6nnen sich auch wenden an:<\/p>\n<p style=\"padding-left: 40px;\">alldentZentrum-Notfall<br \/>\nBayerstr. 21<br \/>\n80335 M\u00fcnchen<br \/>\nTel. 089-54459898<\/p>\n<p>m\u00f6glichst nur Schmerzbehandlungen durchf\u00fchren lassen!<\/p>\n","protected":false},"excerpt":{"rendered":"<p>Liebe Patientinnen und Patienten, bei Notf\u00e4llen am Wochenende, im Urlaub, sowie an Feier- und Br\u00fcckentagen bitte unter Tel.\u00a0089-7233093 die jeweils Notdienst leistenden Kolleginnen und Kollegen erfragen. Die Notdienstadressen finden Sie auch im Internet unter\u00a0www.kzvb.de. Rubrik Notdienste oder direkt\u00a0www.notdienst-zahn.de\u00a0 Sie k\u00f6nnen sich auch wenden an: alldentZentrum-Notfall Bayerstr. 21 80335 M\u00fcnchen Tel. 089-54459898 m\u00f6glichst nur Schmerzbehandlungen durchf\u00fchren [&hellip;]<\/p>\n","protected":false},"author":1,"featured_media":0,"parent":0,"menu_order":0,"comment_status":"closed","ping_status":"closed","template":"","meta":{"footnotes":""},"class_list":["post-8","page","type-page","status-publish","hentry"],"_links":{"self":[{"href":"https:\/\/www.drdiewald.de\/index.php?rest_route=\/wp\/v2\/pages\/8","targetHints":{"allow":["GET"]}}],"collection":[{"href":"https:\/\/www.drdiewald.de\/index.php?rest_route=\/wp\/v2\/pages"}],"about":[{"href":"https:\/\/www.drdiewald.de\/index.php?rest_route=\/wp\/v2\/types\/page"}],"author":[{"embeddable":true,"href":"https:\/\/www.drdiewald.de\/index.php?rest_route=\/wp\/v2\/users\/1"}],"replies":[{"embeddable":true,"href":"https:\/\/www.drdiewald.de\/index.php?rest_route=%2Fwp%2Fv2%2Fcomments&post=8"}],"version-history":[{"count":15,"href":"https:\/\/www.drdiewald.de\/index.php?rest_route=\/wp\/v2\/pages\/8\/revisions"}],"predecessor-version":[{"id":501,"href":"https:\/\/www.drdiewald.de\/index.php?rest_route=\/wp\/v2\/pages\/8\/revisions\/501"}],"wp:attachment":[{"href":"https:\/\/www.drdiewald.de\/index.php?rest_route=%2Fwp%2Fv2%2Fmedia&parent=8"}],"curies":[{"name":"wp","href":"https:\/\/api.w.org\/{rel}","templated":true}]}}